{"id":6335,"date":"2015-07-08T11:13:18","date_gmt":"2015-07-08T09:13:18","guid":{"rendered":"http:\/\/www.rob-son.nl\/de\/over-ons\/"},"modified":"2024-04-25T00:37:35","modified_gmt":"2024-04-24T22:37:35","slug":"uber-uns","status":"publish","type":"page","link":"https:\/\/www.rob-son.nl\/de\/uber-uns\/","title":{"rendered":"\u00dcber uns"},"content":{"rendered":"\n<style type=\"text\/css\" data-created_by=\"avia_inline_auto\" id=\"style-css-av-1btdnnz-ec4fa5e70c9bf63b684fc9594a84bd37\">\n.avia-section.av-1btdnnz-ec4fa5e70c9bf63b684fc9594a84bd37{\nbackground-color:#ffffff;\nbackground-image:unset;\n}\n<\/style>\n<div id='inenverkoop'  class='avia-section av-1btdnnz-ec4fa5e70c9bf63b684fc9594a84bd37 main_color avia-section-default avia-no-shadow  avia-builder-el-0  avia-builder-el-no-sibling  avia-bg-style-scroll container_wrap sidebar_left'  ><div class='container av-section-cont-open' ><main  role=\"main\" itemprop=\"mainContentOfPage\"  class='template-page content  av-content-small units'><div class='post-entry post-entry-type-page post-entry-6335'><div class='entry-content-wrapper clearfix'>\n<section  class='av_textblock_section av-19l4fbj-e2c3b9f7b110baf494817ca9f65a9876 '   itemscope=\"itemscope\" itemtype=\"https:\/\/schema.org\/CreativeWork\" ><div class='avia_textblock'  itemprop=\"text\" ><h3><\/h3>\n<h3 style=\"text-align: center;\">\u00dcber Rob-Son Graphics International B.V.<\/h3>\n<h3><\/h3>\n<\/div><\/section>\n\n<style type=\"text\/css\" data-created_by=\"avia_inline_auto\" id=\"style-css-av-4cckcf-8243f4f27e47d5478b116b96f39141ed\">\n#top .hr.hr-invisible.av-4cckcf-8243f4f27e47d5478b116b96f39141ed{\nheight:30px;\n}\n<\/style>\n<div  class='hr av-4cckcf-8243f4f27e47d5478b116b96f39141ed hr-invisible  avia-builder-el-2  el_after_av_textblock  el_before_av_textblock '><span class='hr-inner '><span class=\"hr-inner-style\"><\/span><\/span><\/div>\n<section  class='av_textblock_section av-16j80rj-452da8a9506d757d212cc23848095da7 '   itemscope=\"itemscope\" itemtype=\"https:\/\/schema.org\/CreativeWork\" ><div class='avia_textblock'  itemprop=\"text\" ><p>Rob-Son Graphics International B.V. wurde in 2006 durch den heutigen Eigent\u00fcmer, Herrn Robert van Wendel de Joode, gegr\u00fcndet. Aufgrund seiner jahrenlange Erfahrung, unter anderem bei EGS (Euro Graphic Services B.V.), verf\u00fcgt Robert van Wendel de Joode \u00fcber eine sehr ausgebreitete Kenntnis auf grafischem Gebiet.<\/p>\n<\/div><\/section>\n<div  class='hr av-14kc5hb-5f8cabdfaae6b44bb5db185a7b1c5ace hr-default  avia-builder-el-4  el_after_av_textblock  el_before_av_hr '><span class='hr-inner '><span class=\"hr-inner-style\"><\/span><\/span><\/div>\n\n<style type=\"text\/css\" data-created_by=\"avia_inline_auto\" id=\"style-css-av-131yf33-8983e24667052cd60dfb2f2fb1b5caae\">\n#top .hr.hr-invisible.av-131yf33-8983e24667052cd60dfb2f2fb1b5caae{\nheight:30px;\n}\n<\/style>\n<div  class='hr av-131yf33-8983e24667052cd60dfb2f2fb1b5caae hr-invisible  avia-builder-el-5  el_after_av_hr  el_before_av_one_half '><span class='hr-inner '><span class=\"hr-inner-style\"><\/span><\/span><\/div>\n\n<style type=\"text\/css\" data-created_by=\"avia_inline_auto\" id=\"style-css-av-11j0r3j-df3d5389742820fc0afdf1a6dcc29957\">\n.flex_column.av-11j0r3j-df3d5389742820fc0afdf1a6dcc29957{\nborder-radius:0px 0px 0px 0px;\npadding:0px 0px 0px 0px;\n}\n<\/style>\n<div  class='flex_column av-11j0r3j-df3d5389742820fc0afdf1a6dcc29957 av_one_half  avia-builder-el-6  el_after_av_hr  el_before_av_one_half  first flex_column_div av-zero-column-padding  '     ><article  class='iconbox iconbox_left av-z4yz1b-59b7248ef78e1572013b68cc1dc7ebc8  avia-builder-el-7  avia-builder-el-no-sibling '  itemscope=\"itemscope\" itemtype=\"https:\/\/schema.org\/CreativeWork\" ><div class=\"iconbox_content\"><header class=\"entry-content-header\" aria-label=\"Icon: An- und verkauf von maschinen\"><div class='iconbox_icon heading-color avia-iconfont avia-font-fontawesomeregular' data-av_icon='\uf02b' data-av_iconfont='fontawesomeregular'  ><\/div><h3 class='iconbox_content_title '  itemprop=\"headline\" >An- und verkauf von maschinen<\/h3><\/header><div class='iconbox_content_container '  itemprop=\"text\" ><p>Rob-Son Graphics International B.V. hat sich auf den An- und Verkauf von gebrauchten grafischen Buchbindereimaschinen und deren Randapparatur spezialisiert, die alle von hochwertiger Qualit\u00e4t sind. Aufgrund unserer jahrenlangen Erfahrung und Kenntnis k\u00f6nnen wir diese Qualit\u00e4t gew\u00e4hrleisten.<\/p>\n<p>Wir sind in der Lage, Maschinen auf Anfrage zu liefern. Ausserdem besteht die M\u00f6glichkeit, Maschinen \u00fcber uns zu verkaufen.<\/p>\n<\/div><\/div><footer class=\"entry-footer\"><\/footer><\/article><\/div>\n<style type=\"text\/css\" data-created_by=\"avia_inline_auto\" id=\"style-css-av-x9k27j-df40f262e2ba11a5f4c10544ef169ca8\">\n.flex_column.av-x9k27j-df40f262e2ba11a5f4c10544ef169ca8{\nborder-radius:0px 0px 0px 0px;\npadding:0px 0px 0px 0px;\n}\n<\/style>\n<div  class='flex_column av-x9k27j-df40f262e2ba11a5f4c10544ef169ca8 av_one_half  avia-builder-el-8  el_after_av_one_half  el_before_av_hr  flex_column_div av-zero-column-padding  '     ><article  class='iconbox iconbox_left av-vt478v-fed1063757b1befb69f4f85459d0327c  avia-builder-el-9  avia-builder-el-no-sibling '  itemscope=\"itemscope\" itemtype=\"https:\/\/schema.org\/CreativeWork\" ><div class=\"iconbox_content\"><header class=\"entry-content-header\" aria-label=\"Icon: \u00dcberholung\"><div class='iconbox_icon heading-color avia-iconfont avia-font-fontawesomeregular' data-av_icon='\uf0ad' data-av_iconfont='fontawesomeregular'  ><\/div><h3 class='iconbox_content_title '  itemprop=\"headline\" >\u00dcberholung<\/h3><\/header><div class='iconbox_content_container '  itemprop=\"text\" ><p>Rob-Son Graphics International B.V. liefert auch Ersatzteile und Zubeh\u00f6r von hochwertiger Qualit\u00e4t. Diese Ersatzteile sind sowohl im Neuzustand als auch \u00fcberholt\u00a0oder gebraucht erh\u00e4ltlich. \u00dcberholte\u00a0Ersatzteile werden vor Lieferung gr\u00fcndlich inspiziert.<\/p>\n<\/div><\/div><footer class=\"entry-footer\"><\/footer><\/article><\/div>\n<style type=\"text\/css\" data-created_by=\"avia_inline_auto\" id=\"style-css-av-u6f2pr-400f3c8c6d24f846790dc7cbadb137cd\">\n#top .hr.hr-invisible.av-u6f2pr-400f3c8c6d24f846790dc7cbadb137cd{\nheight:30px;\n}\n<\/style>\n<div  class='hr av-u6f2pr-400f3c8c6d24f846790dc7cbadb137cd hr-invisible  avia-builder-el-10  el_after_av_one_half  el_before_av_one_half '><span class='hr-inner '><span class=\"hr-inner-style\"><\/span><\/span><\/div>\n\n<style type=\"text\/css\" data-created_by=\"avia_inline_auto\" id=\"style-css-av-t323wv-37c6c102b53e03ea243b0a463ba364fe\">\n.flex_column.av-t323wv-37c6c102b53e03ea243b0a463ba364fe{\nborder-radius:0px 0px 0px 0px;\npadding:0px 0px 0px 0px;\n}\n<\/style>\n<div  class='flex_column av-t323wv-37c6c102b53e03ea243b0a463ba364fe av_one_half  avia-builder-el-11  el_after_av_hr  el_before_av_one_half  first flex_column_div av-zero-column-padding  '     ><article  class='iconbox iconbox_left av-rb5v9r-16e027eb06ffeebd79b0fd372ebdf16c  avia-builder-el-12  avia-builder-el-no-sibling '  itemscope=\"itemscope\" itemtype=\"https:\/\/schema.org\/CreativeWork\" ><div class=\"iconbox_content\"><header class=\"entry-content-header\" aria-label=\"Icon: Wartung\"><div class='iconbox_icon heading-color avia-iconfont avia-font-fontawesomeregular' data-av_icon='\uf013' data-av_iconfont='fontawesomeregular'  ><\/div><h3 class='iconbox_content_title '  itemprop=\"headline\" >Wartung<\/h3><\/header><div class='iconbox_content_container '  itemprop=\"text\" ><p>Angekaufte und an Kunden ausgelieferte Maschinen werden fachkundig gepr\u00fcft und gereinigt, um sicherzustellen, dass die Maschinen die hochwertigen Qualit\u00e4tsanforderung erf\u00fcllen. Sollte eine \u00fcberholung gew\u00fcnscht werden, dann werden wir unseren eigenen technischen Dienst einzusetzen. Deren technisch hoch geschulte Fachkr\u00e4fte sorgen daf\u00fcr, dass die Maschine wieder in einen guten Zustand zur\u00fcckversetzt wird.<\/p>\n<\/div><\/div><footer class=\"entry-footer\"><\/footer><\/article><\/div>\n<style type=\"text\/css\" data-created_by=\"avia_inline_auto\" id=\"style-css-av-pb3rxb-73fe84ea99dba9aa0376ba10f55a704e\">\n.flex_column.av-pb3rxb-73fe84ea99dba9aa0376ba10f55a704e{\nborder-radius:0px 0px 0px 0px;\npadding:0px 0px 0px 0px;\n}\n<\/style>\n<div  class='flex_column av-pb3rxb-73fe84ea99dba9aa0376ba10f55a704e av_one_half  avia-builder-el-13  el_after_av_one_half  avia-builder-el-last  flex_column_div av-zero-column-padding  '     ><article  class='iconbox iconbox_left av-neyab3-e367604d2f8a410445afa1f90e8c0c1e  avia-builder-el-14  avia-builder-el-no-sibling '  itemscope=\"itemscope\" itemtype=\"https:\/\/schema.org\/CreativeWork\" ><div class=\"iconbox_content\"><header class=\"entry-content-header\" aria-label=\"Icon: Transport\"><div class='iconbox_icon heading-color avia-iconfont avia-font-fontawesomeregular' data-av_icon='\uf0d1' data-av_iconfont='fontawesomeregular'  ><\/div><h3 class='iconbox_content_title '  itemprop=\"headline\" >Transport<\/h3><\/header><div class='iconbox_content_container '  itemprop=\"text\" ><p>Zus\u00e4tzlich zum An- und Verkauf von Maschinen, kann Rob-Son Graphics International B.V., falls gew\u00fcnscht, auch den Transport regeln. Die Maschine wird fachkundig verpackt und verladen, um schadenfrei am Bestimmungsort ankommen zu k\u00f6nnen. Auf Anfrage erhalten Sie ein massgeschneidertes Angebot.<\/p>\n<\/div><\/div><footer class=\"entry-footer\"><\/footer><\/article><\/div>\n<\/div><\/div><\/main><!-- close content main element --><\/div><\/div><div id='after_section_1'  class='main_color av_default_container_wrap container_wrap sidebar_left'  ><div class='container av-section-cont-open' ><div class='template-page content  av-content-small units'><div class='post-entry post-entry-type-page post-entry-6335'><div class='entry-content-wrapper clearfix'>\n","protected":false},"excerpt":{"rendered":"","protected":false},"author":1,"featured_media":0,"parent":0,"menu_order":0,"comment_status":"closed","ping_status":"closed","template":"","meta":{"footnotes":""},"class_list":["post-6335","page","type-page","status-publish","hentry"],"yoast_head":"<!-- This site is optimized with the Yoast SEO plugin v27.2 - https:\/\/yoast.com\/product\/yoast-seo-wordpress\/ -->\n<title>\u00dcber Uns | Rob-Son Graphics International B.V.<\/title>\n<meta name=\"description\" content=\"Rob-Son Graphics International B.V. verkauft gebrauchte und \u00fcberholten grafischen Buchbindereimaschinen und Ersatzteile von hochwertiger Qualit\u00e4t.\" \/>\n<meta name=\"robots\" content=\"index, follow, max-snippet:-1, max-image-preview:large, max-video-preview:-1\" \/>\n<link rel=\"canonical\" href=\"https:\/\/www.rob-son.nl\/de\/uber-uns\/\" \/>\n<meta property=\"og:locale\" content=\"de_DE\" \/>\n<meta property=\"og:type\" content=\"article\" \/>\n<meta property=\"og:title\" content=\"\u00dcber Uns | Rob-Son Graphics International B.V.\" \/>\n<meta property=\"og:description\" content=\"Rob-Son Graphics International B.V. verkauft gebrauchte und \u00fcberholten grafischen Buchbindereimaschinen und Ersatzteile von hochwertiger Qualit\u00e4t.\" \/>\n<meta property=\"og:url\" content=\"https:\/\/www.rob-son.nl\/de\/uber-uns\/\" \/>\n<meta property=\"og:site_name\" content=\"Rob-Son Graphics International\" \/>\n<meta property=\"article:publisher\" content=\"https:\/\/www.facebook.com\/RobSonGraphicsInternational\" \/>\n<meta property=\"article:modified_time\" content=\"2024-04-24T22:37:35+00:00\" \/>\n<script type=\"application\/ld+json\" class=\"yoast-schema-graph\">{\"@context\":\"https:\/\/schema.org\",\"@graph\":[{\"@type\":\"WebPage\",\"@id\":\"https:\/\/www.rob-son.nl\/de\/uber-uns\/\",\"url\":\"https:\/\/www.rob-son.nl\/de\/uber-uns\/\",\"name\":\"\u00dcber Uns | Rob-Son Graphics International B.V.\",\"isPartOf\":{\"@id\":\"https:\/\/www.rob-son.nl\/de\/#website\"},\"datePublished\":\"2015-07-08T09:13:18+00:00\",\"dateModified\":\"2024-04-24T22:37:35+00:00\",\"description\":\"Rob-Son Graphics International B.V. verkauft gebrauchte und \u00fcberholten grafischen Buchbindereimaschinen und Ersatzteile von hochwertiger Qualit\u00e4t.\",\"breadcrumb\":{\"@id\":\"https:\/\/www.rob-son.nl\/de\/uber-uns\/#breadcrumb\"},\"inLanguage\":\"de\",\"potentialAction\":[{\"@type\":\"ReadAction\",\"target\":[\"https:\/\/www.rob-son.nl\/de\/uber-uns\/\"]}]},{\"@type\":\"BreadcrumbList\",\"@id\":\"https:\/\/www.rob-son.nl\/de\/uber-uns\/#breadcrumb\",\"itemListElement\":[{\"@type\":\"ListItem\",\"position\":1,\"name\":\"Home\",\"item\":\"https:\/\/www.rob-son.nl\/de\/\"},{\"@type\":\"ListItem\",\"position\":2,\"name\":\"\u00dcber uns\"}]},{\"@type\":\"WebSite\",\"@id\":\"https:\/\/www.rob-son.nl\/de\/#website\",\"url\":\"https:\/\/www.rob-son.nl\/de\/\",\"name\":\"Rob-Son Graphics International\",\"description\":\"Gebruikte Grafische Boekbinderij Machines\",\"publisher\":{\"@id\":\"https:\/\/www.rob-son.nl\/de\/#organization\"},\"alternateName\":\"Rob-Son Graphics\",\"potentialAction\":[{\"@type\":\"SearchAction\",\"target\":{\"@type\":\"EntryPoint\",\"urlTemplate\":\"https:\/\/www.rob-son.nl\/de\/?s={search_term_string}\"},\"query-input\":{\"@type\":\"PropertyValueSpecification\",\"valueRequired\":true,\"valueName\":\"search_term_string\"}}],\"inLanguage\":\"de\"},{\"@type\":\"Organization\",\"@id\":\"https:\/\/www.rob-son.nl\/de\/#organization\",\"name\":\"Rob-Son Graphics International B.V.\",\"url\":\"https:\/\/www.rob-son.nl\/de\/\",\"logo\":{\"@type\":\"ImageObject\",\"inLanguage\":\"de\",\"@id\":\"https:\/\/www.rob-son.nl\/de\/#\/schema\/logo\/image\/\",\"url\":\"https:\/\/www.rob-son.nl\/wp-content\/uploads\/2021\/01\/RobSonGraphicsInternational.png\",\"contentUrl\":\"https:\/\/www.rob-son.nl\/wp-content\/uploads\/2021\/01\/RobSonGraphicsInternational.png\",\"width\":350,\"height\":160,\"caption\":\"Rob-Son Graphics International B.V.\"},\"image\":{\"@id\":\"https:\/\/www.rob-son.nl\/de\/#\/schema\/logo\/image\/\"},\"sameAs\":[\"https:\/\/www.facebook.com\/RobSonGraphicsInternational\",\"https:\/\/www.linkedin.com\/company\/rob-son-graphics-international\",\"https:\/\/www.youtube.com\/c\/RobSonGraphicsInternationalAalst\"]}]}<\/script>\n<!-- \/ Yoast SEO plugin. -->","yoast_head_json":{"title":"\u00dcber Uns | Rob-Son Graphics International B.V.","description":"Rob-Son Graphics International B.V. verkauft gebrauchte und \u00fcberholten grafischen Buchbindereimaschinen und Ersatzteile von hochwertiger Qualit\u00e4t.","robots":{"index":"index","follow":"follow","max-snippet":"max-snippet:-1","max-image-preview":"max-image-preview:large","max-video-preview":"max-video-preview:-1"},"canonical":"https:\/\/www.rob-son.nl\/de\/uber-uns\/","og_locale":"de_DE","og_type":"article","og_title":"\u00dcber Uns | Rob-Son Graphics International B.V.","og_description":"Rob-Son Graphics International B.V. verkauft gebrauchte und \u00fcberholten grafischen Buchbindereimaschinen und Ersatzteile von hochwertiger Qualit\u00e4t.","og_url":"https:\/\/www.rob-son.nl\/de\/uber-uns\/","og_site_name":"Rob-Son Graphics International","article_publisher":"https:\/\/www.facebook.com\/RobSonGraphicsInternational","article_modified_time":"2024-04-24T22:37:35+00:00","schema":{"@context":"https:\/\/schema.org","@graph":[{"@type":"WebPage","@id":"https:\/\/www.rob-son.nl\/de\/uber-uns\/","url":"https:\/\/www.rob-son.nl\/de\/uber-uns\/","name":"\u00dcber Uns | Rob-Son Graphics International B.V.","isPartOf":{"@id":"https:\/\/www.rob-son.nl\/de\/#website"},"datePublished":"2015-07-08T09:13:18+00:00","dateModified":"2024-04-24T22:37:35+00:00","description":"Rob-Son Graphics International B.V. verkauft gebrauchte und \u00fcberholten grafischen Buchbindereimaschinen und Ersatzteile von hochwertiger Qualit\u00e4t.","breadcrumb":{"@id":"https:\/\/www.rob-son.nl\/de\/uber-uns\/#breadcrumb"},"inLanguage":"de","potentialAction":[{"@type":"ReadAction","target":["https:\/\/www.rob-son.nl\/de\/uber-uns\/"]}]},{"@type":"BreadcrumbList","@id":"https:\/\/www.rob-son.nl\/de\/uber-uns\/#breadcrumb","itemListElement":[{"@type":"ListItem","position":1,"name":"Home","item":"https:\/\/www.rob-son.nl\/de\/"},{"@type":"ListItem","position":2,"name":"\u00dcber uns"}]},{"@type":"WebSite","@id":"https:\/\/www.rob-son.nl\/de\/#website","url":"https:\/\/www.rob-son.nl\/de\/","name":"Rob-Son Graphics International","description":"Gebruikte Grafische Boekbinderij Machines","publisher":{"@id":"https:\/\/www.rob-son.nl\/de\/#organization"},"alternateName":"Rob-Son Graphics","potentialAction":[{"@type":"SearchAction","target":{"@type":"EntryPoint","urlTemplate":"https:\/\/www.rob-son.nl\/de\/?s={search_term_string}"},"query-input":{"@type":"PropertyValueSpecification","valueRequired":true,"valueName":"search_term_string"}}],"inLanguage":"de"},{"@type":"Organization","@id":"https:\/\/www.rob-son.nl\/de\/#organization","name":"Rob-Son Graphics International B.V.","url":"https:\/\/www.rob-son.nl\/de\/","logo":{"@type":"ImageObject","inLanguage":"de","@id":"https:\/\/www.rob-son.nl\/de\/#\/schema\/logo\/image\/","url":"https:\/\/www.rob-son.nl\/wp-content\/uploads\/2021\/01\/RobSonGraphicsInternational.png","contentUrl":"https:\/\/www.rob-son.nl\/wp-content\/uploads\/2021\/01\/RobSonGraphicsInternational.png","width":350,"height":160,"caption":"Rob-Son Graphics International B.V."},"image":{"@id":"https:\/\/www.rob-son.nl\/de\/#\/schema\/logo\/image\/"},"sameAs":["https:\/\/www.facebook.com\/RobSonGraphicsInternational","https:\/\/www.linkedin.com\/company\/rob-son-graphics-international","https:\/\/www.youtube.com\/c\/RobSonGraphicsInternationalAalst"]}]}},"_links":{"self":[{"href":"https:\/\/www.rob-son.nl\/de\/wp-json\/wp\/v2\/pages\/6335","targetHints":{"allow":["GET"]}}],"collection":[{"href":"https:\/\/www.rob-son.nl\/de\/wp-json\/wp\/v2\/pages"}],"about":[{"href":"https:\/\/www.rob-son.nl\/de\/wp-json\/wp\/v2\/types\/page"}],"author":[{"embeddable":true,"href":"https:\/\/www.rob-son.nl\/de\/wp-json\/wp\/v2\/users\/1"}],"replies":[{"embeddable":true,"href":"https:\/\/www.rob-son.nl\/de\/wp-json\/wp\/v2\/comments?post=6335"}],"version-history":[{"count":9,"href":"https:\/\/www.rob-son.nl\/de\/wp-json\/wp\/v2\/pages\/6335\/revisions"}],"predecessor-version":[{"id":74675,"href":"https:\/\/www.rob-son.nl\/de\/wp-json\/wp\/v2\/pages\/6335\/revisions\/74675"}],"wp:attachment":[{"href":"https:\/\/www.rob-son.nl\/de\/wp-json\/wp\/v2\/media?parent=6335"}],"curies":[{"name":"wp","href":"https:\/\/api.w.org\/{rel}","templated":true}]}}